{"id":610,"date":"2023-02-28T11:35:25","date_gmt":"2023-02-28T10:35:25","guid":{"rendered":"https:\/\/www.ziltenpro.com\/cms\/?page_id=610"},"modified":"2025-11-27T15:30:52","modified_gmt":"2025-11-27T14:30:52","slug":"mentions-legales","status":"publish","type":"page","link":"https:\/\/www.ziltenpro.com\/cms\/mentions-legales\/","title":{"rendered":"Mentions L\u00e9gales et Conditions G\u00e9n\u00e9rales d&#8217;Utilisation"},"content":{"rendered":"\n<p>La poursuite de la navigation sur ce site vaut acceptation sans r\u00e9serve des dispositions et conditions d&#8217;utilisation qui suivent. La version actuellement en ligne de ces conditions d&#8217;utilisation est la seule opposable pendant toute la dur\u00e9e d&#8217;utilisation du site et jusqu&#8217;\u00e0 ce qu&#8217;une nouvelle version la remplace.<\/p>\n\n\n\n<hr class=\"wp-block-separator has-alpha-channel-opacity\"\/>\n\n\n\n<h3 class=\"wp-block-heading\"><strong>Article 1 &#8211; Informations l\u00e9gales<\/strong><\/h3>\n\n\n\n<div style=\"height:25px\" aria-hidden=\"true\" class=\"wp-block-spacer\"><\/div>\n\n\n\n<h4 class=\"wp-block-heading\"><strong>1.1. Site (ci-apr\u00e8s \u00ab&nbsp;le site&nbsp;\u00bb)&nbsp;: &nbsp;<a href=\"http:\/\/www.belmpro.fr\">www.ziltenpro.com<\/a><\/strong><\/h4>\n\n\n\n<div style=\"height:25px\" aria-hidden=\"true\" class=\"wp-block-spacer\"><\/div>\n\n\n\n<h4 class=\"wp-block-heading\"><strong>1.2. Editeur (ci-apr\u00e8s \u00ab&nbsp;l&#8217;\u00e9diteur&nbsp;\u00bb)&nbsp;:<em> &nbsp;<\/em><\/strong><\/h4>\n\n\n\n<p>CETIH ROANNE<em>, soci\u00e9t\u00e9 par actions simplifi\u00e9e<\/em> au capital de 160.000 euros, dont le si\u00e8ge social est situ\u00e9 &nbsp;ZI La Seiglerie, BP 41, 2 rue Gustave Eiffel 44270 Machecoul-Saint-M\u00eame immatricul\u00e9e au Registre du commerce et des soci\u00e9t\u00e9s de Nantes sous le n\u00b0311&nbsp;584&nbsp;718 &nbsp;repr\u00e9sent\u00e9e par &nbsp;M. Fran\u00e7ois GUERIN<em>,<\/em> en sa qualit\u00e9 de Pr\u00e9sident de la soci\u00e9t\u00e9 CETIH DEVELOPPEMENT<em>,&nbsp;soci\u00e9t\u00e9 par actions simplifi\u00e9e<\/em> au capital de 22&nbsp;087 370 euros, dont le si\u00e8ge social est situ\u00e9&nbsp;ZI La Seiglerie, BP 41, 2 rue Gustave Eiffel 44270 Machecoul-Saint-M\u00eame, immatricul\u00e9e au Registre du commerce et des soci\u00e9t\u00e9s de Nantes sous le n\u00b0802&nbsp;099&nbsp;655, elle-m\u00eame Pr\u00e9sidente de l\u2019Editeur.<\/p>\n\n\n\n<ul class=\"wp-block-list\">\n<li>Num\u00e9ro de t\u00e9l\u00e9phone : 04 26 54 70 70<\/li>\n\n\n\n<li>Adresse de courrier \u00e9lectronique : <a href=\"mailto:commandes@zilten.com\" target=\"_blank\" rel=\"noreferrer noopener\">commandes@zilten.com<\/a> <\/li>\n\n\n\n<li>Directeur de la publication : Fran\u00e7ois GUERIN<\/li>\n<\/ul>\n\n\n\n<div style=\"height:25px\" aria-hidden=\"true\" class=\"wp-block-spacer\"><\/div>\n\n\n\n<h4 class=\"wp-block-heading\"><strong>1.3. Conception et r\u00e9alisation : &nbsp;<\/strong><\/h4>\n\n\n\n<ul class=\"wp-block-list\">\n<li>A5Sys<\/li>\n\n\n\n<li>Num\u00e9ro de SIRET : 43842234700031<\/li>\n\n\n\n<li>Adresse : 10 Boulevard du Z\u00e9nith 44800 Saint-Herblain<\/li>\n\n\n\n<li>T\u00e9l\u00e9phone : 02 51 80 80 60<\/li>\n<\/ul>\n\n\n\n<div style=\"height:25px\" aria-hidden=\"true\" class=\"wp-block-spacer\"><\/div>\n\n\n\n<h4 class=\"wp-block-heading\"><strong>1.4. H\u00e9bergeur (ci-apr\u00e8s \u00ab&nbsp;l&#8217;h\u00e9bergeur&nbsp;\u00bb)&nbsp;: &nbsp;<\/strong><\/h4>\n\n\n\n<p>Cette application est h\u00e9berg\u00e9e sur l&#8217;offre Cloud Microsoft (Azure). Il est g\u00e9ographiquement localis\u00e9 dans le centre d\u2019h\u00e9bergement de Microsoft en &#8220;France Centre&#8221;.<br>Pour plus d&#8217;informations, veuillez-vous r\u00e9f\u00e9rer aux liens suivants :<br><a href=\"https:\/\/azure.microsoft.com\/fr-fr\/support\/legal\/\" target=\"_blank\" rel=\"noreferrer noopener\">Mentions l\u00e9gales Microsoft Azure<\/a><br><a href=\"https:\/\/www.microsoft.com\/fr-fr\/trust-center\/privacy\" target=\"_blank\" rel=\"noreferrer noopener\">La confidentialit\u00e9 chez Microsoft<\/a><\/p>\n\n\n\n<p>Ce site est h\u00e9berg\u00e9 par Microsoft Azure France (r\u00e9gion France centre) :<\/p>\n\n\n\n<ul class=\"wp-block-list\">\n<li>Microsoft France<\/li>\n\n\n\n<li>Adresse : 37 Quai du Pr\u00e9sident Roosevelt 92130 ISSY-LES-MOULINEAUX<\/li>\n<\/ul>\n\n\n\n<div style=\"height:25px\" aria-hidden=\"true\" class=\"wp-block-spacer\"><\/div>\n\n\n\n<hr class=\"wp-block-separator has-alpha-channel-opacity\"\/>\n\n\n\n<h3 class=\"wp-block-heading\"><strong>Article 2 &#8211; Acc\u00e8s au site<\/strong><\/h3>\n\n\n\n<div style=\"height:25px\" aria-hidden=\"true\" class=\"wp-block-spacer\"><\/div>\n\n\n\n<p>L&#8217;acc\u00e8s au site est r\u00e9serv\u00e9 aux clients professionnels de la soci\u00e9t\u00e9. <strong><em><\/em><\/strong><\/p>\n\n\n\n<p>L&#8217;acc\u00e8s au site et son utilisation sont r\u00e9serv\u00e9s \u00e0 un usage strictement professionnel. Vous vous engagez \u00e0 ne pas utiliser ce site et les informations ou donn\u00e9es qui y figurent \u00e0 des fins commerciales, politiques, publicitaires et pour toute forme de sollicitation commerciale et notamment l&#8217;envoi de courriers \u00e9lectroniques non sollicit\u00e9s.<\/p>\n\n\n\n<hr class=\"wp-block-separator has-alpha-channel-opacity\"\/>\n\n\n\n<h3 class=\"wp-block-heading\"><strong>Article 3 &#8211; Contenu du site<\/strong><\/h3>\n\n\n\n<div style=\"height:25px\" aria-hidden=\"true\" class=\"wp-block-spacer\"><\/div>\n\n\n\n<p>Toutes les marques, photographies, textes, commentaires, illustrations, images anim\u00e9es ou non, s\u00e9quences vid\u00e9o, sons, ainsi que toutes les applications informatiques qui pourraient \u00eatre utilis\u00e9es pour faire fonctionner ce site et plus g\u00e9n\u00e9ralement tous les \u00e9l\u00e9ments reproduits ou utilis\u00e9s sur le site sont prot\u00e9g\u00e9s par les lois en vigueur au titre de la propri\u00e9t\u00e9 intellectuelle.<\/p>\n\n\n\n<p>Ils sont la propri\u00e9t\u00e9 pleine et enti\u00e8re de l&#8217;\u00e9diteur ou de ses partenaires. Toute reproduction, repr\u00e9sentation, utilisation ou adaptation, sous quelque forme que ce soit, de tout ou partie de ces \u00e9l\u00e9ments, y compris les applications informatiques, sans l&#8217;accord pr\u00e9alable et \u00e9crit de l&#8217;\u00e9diteur, sont strictement interdites. Le fait pour l&#8217;\u00e9diteur de ne pas engager de proc\u00e9dure d\u00e8s la prise de connaissance de ces utilisations non autoris\u00e9es ne vaut pas acceptation desdites utilisations et renonciation aux poursuites.<\/p>\n\n\n\n<p>En ce qui concerne les services de commande en ligne, l&#8217;ensemble des informations pr\u00e9sentes sur ce site sont valables pour la France m\u00e9tropolitaine (Corse incluse) exclusivement. Pour toute commande destin\u00e9e \u00e0 d&#8217;autres destinations, vous devez demander via l&#8217;adresse e-mail de l&#8217;\u00e9diteur ci-dessous, les informations n\u00e9cessaires.<\/p>\n\n\n\n<hr class=\"wp-block-separator has-alpha-channel-opacity\"\/>\n\n\n\n<h3 class=\"wp-block-heading\"><strong>Article 4 &#8211; Gestion du site<\/strong><\/h3>\n\n\n\n<div style=\"height:25px\" aria-hidden=\"true\" class=\"wp-block-spacer\"><\/div>\n\n\n\n<p>Pour la bonne gestion du site, l&#8217;\u00e9diteur pourra \u00e0 tout moment&nbsp;:<\/p>\n\n\n\n<ul class=\"wp-block-list\">\n<li>suspendre, interrompre ou de limiter l&#8217;acc\u00e8s \u00e0 tout ou partie du site, r\u00e9server l&#8217;acc\u00e8s au site, ou \u00e0 certaines parties du site, \u00e0 une cat\u00e9gorie d\u00e9termin\u00e9e d&#8217;internaute&nbsp;;<\/li>\n\n\n\n<li>supprimer toute information pouvant en perturber le fonctionnement ou entrant en contravention avec les lois nationales ou internationales, ou avec les r\u00e8gles de la N\u00e9tiquette&nbsp;;<\/li>\n\n\n\n<li>suspendre le site afin de proc\u00e9der \u00e0 des mises \u00e0 jour.<\/li>\n<\/ul>\n\n\n\n<hr class=\"wp-block-separator has-alpha-channel-opacity\"\/>\n\n\n\n<h3 class=\"wp-block-heading\"><strong>Article 5 &#8211; Responsabilit\u00e9s<\/strong><\/h3>\n\n\n\n<div style=\"height:25px\" aria-hidden=\"true\" class=\"wp-block-spacer\"><\/div>\n\n\n\n<p>La responsabilit\u00e9 de l&#8217;\u00e9diteur ne peut \u00eatre engag\u00e9e en cas de d\u00e9faillance, panne, difficult\u00e9 ou interruption de fonctionnement, emp\u00eachant l&#8217;acc\u00e8s au site ou \u00e0 une de ses fonctionnalit\u00e9s.<\/p>\n\n\n\n<p>Le mat\u00e9riel de connexion au site que vous utilisez est sous votre enti\u00e8re responsabilit\u00e9. Vous devez prendre toutes les mesures appropri\u00e9es pour prot\u00e9ger votre mat\u00e9riel et vos propres donn\u00e9es notamment d&#8217;attaques virales par Internet. Vous \u00eates par ailleurs le seul responsable des sites et donn\u00e9es que vous consultez.<\/p>\n\n\n\n<p>L&#8217;\u00e9diteur ne pourra \u00eatre tenu responsable en cas de poursuites judiciaires \u00e0 votre encontre&nbsp;:<\/p>\n\n\n\n<ul class=\"wp-block-list\">\n<li>du fait de l&#8217;usage du site ou de tout service accessible via Internet&nbsp;;<\/li>\n\n\n\n<li>du fait du non-respect par vous des pr\u00e9sentes conditions g\u00e9n\u00e9rales.<\/li>\n<\/ul>\n\n\n\n<p>L&#8217;\u00e9diteur n&#8217;est pas responsable des dommages caus\u00e9s \u00e0 vous-m\u00eame, \u00e0 des tiers et\/ou \u00e0 votre \u00e9quipement du fait de votre connexion ou de votre utilisation du site et vous renoncez \u00e0 toute action contre lui de ce fait.<\/p>\n\n\n\n<p>Si l&#8217;\u00e9diteur venait \u00e0 faire l&#8217;objet d&#8217;une proc\u00e9dure amiable ou judiciaire \u00e0 raison de votre utilisation du site, il pourra retourner contre vous pour obtenir indemnisation de tous les pr\u00e9judices, sommes, condamnations et frais qui pourraient d\u00e9couler de cette proc\u00e9dure.<\/p>\n\n\n\n<hr class=\"wp-block-separator has-alpha-channel-opacity\"\/>\n\n\n\n<h3 class=\"wp-block-heading\"><strong>Article 6 &#8211; Liens hypertextes<\/strong><\/h3>\n\n\n\n<div style=\"height:25px\" aria-hidden=\"true\" class=\"wp-block-spacer\"><\/div>\n\n\n\n<p>La mise en place par vous de tous liens hypertextes vers tout ou partie du site est strictement interdite, sauf autorisation pr\u00e9alable et \u00e9crite de l&#8217;\u00e9diteur, sollicit\u00e9e par courriel \u00e0 l&#8217;adresse du si\u00e8ge social de l\u2019Editeur.<\/p>\n\n\n\n<p>L&#8217;\u00e9diteur est libre de refuser cette autorisation sans avoir \u00e0 justifier de quelque mani\u00e8re que ce soit sa d\u00e9cision. Dans le cas o\u00f9 l&#8217;\u00e9diteur accorderait son autorisation, celle-ci n&#8217;est dans tous les cas que temporaire et pourra \u00eatre retir\u00e9e \u00e0 tout moment, sans obligation de justification \u00e0 la charge de l&#8217;\u00e9diteur.<\/p>\n\n\n\n<p>Dans tous les cas, tout lien devra \u00eatre retir\u00e9 sur simple demande de l&#8217;\u00e9diteur.<\/p>\n\n\n\n<p>Toute information accessible via un lien vers d&#8217;autres sites n&#8217;est pas sous le contr\u00f4le de l&#8217;\u00e9diteur qui d\u00e9cline toute responsabilit\u00e9 quant \u00e0 leur contenu.<\/p>\n\n\n\n<hr class=\"wp-block-separator has-alpha-channel-opacity\"\/>\n\n\n\n<h3 class=\"wp-block-heading\"><strong>Article 7 &#8211; Donn\u00e9es personnelles<\/strong><\/h3>\n\n\n\n<div style=\"height:25px\" aria-hidden=\"true\" class=\"wp-block-spacer\"><\/div>\n\n\n\n<p>Les informations recueillies dans le cadre de l\u2019utilisation du pr\u00e9sent site sont destin\u00e9es \u00e0 la soci\u00e9t\u00e9 CETIH ROANNE, responsable de traitement. Pour plus d\u2019informations, vous pouvez consulter notre <a href=\"https:\/\/www.ziltenpro.com\/cms\/politique-donnees-personnelles\/\" target=\"_blank\" rel=\"noreferrer noopener\">Politique des Protection des Donn\u00e9es<\/a>.<\/p>\n\n\n\n<hr class=\"wp-block-separator has-alpha-channel-opacity\"\/>\n\n\n\n<h3 class=\"wp-block-heading\"><strong>Article 8 &#8211; Cookies<\/strong><\/h3>\n\n\n\n<div style=\"height:25px\" aria-hidden=\"true\" class=\"wp-block-spacer\"><\/div>\n\n\n\n<p>Le site peut collecter automatiquement des informations standards. Toutes les informations collect\u00e9es indirectement ne seront utilis\u00e9es que pour suivre le volume, le type et la configuration du trafic utilisant ce site, pour en d\u00e9velopper la conception et l&#8217;agencement et \u00e0 d&#8217;autres fins administratives et de planification et plus g\u00e9n\u00e9ralement pour am\u00e9liorer le service que nous vous offrons.<\/p>\n\n\n\n<hr class=\"wp-block-separator has-alpha-channel-opacity\"\/>\n\n\n\n<h3 class=\"wp-block-heading\"><strong>Article 9 &#8211; Photographies et repr\u00e9sentation des produits<\/strong><\/h3>\n\n\n\n<div style=\"height:25px\" aria-hidden=\"true\" class=\"wp-block-spacer\"><\/div>\n\n\n\n<p>Les photographies de produits, accompagnant leur description, ne sont pas contractuelles et n&#8217;engagent pas l&#8217;\u00e9diteur. Dans un souci d\u2019am\u00e9lioration du site, nos mod\u00e8les peuvent \u00eatre modifi\u00e9s sans pr\u00e9avis.<\/p>\n\n\n\n<hr class=\"wp-block-separator has-alpha-channel-opacity\"\/>\n\n\n\n<h3 class=\"wp-block-heading\"><strong>Article 10 &#8211; Loi applicable<\/strong><\/h3>\n\n\n\n<div style=\"height:25px\" aria-hidden=\"true\" class=\"wp-block-spacer\"><\/div>\n\n\n\n<p>Les pr\u00e9sentes conditions d&#8217;utilisation du site sont r\u00e9gies par la loi fran\u00e7aise et soumises \u00e0 la comp\u00e9tence des tribunaux de &nbsp;Nantes, sous r\u00e9serve d&#8217;une attribution de comp\u00e9tence sp\u00e9cifique d\u00e9coulant d&#8217;un texte de loi ou r\u00e9glementaire particulier.<\/p>\n\n\n\n<hr class=\"wp-block-separator has-alpha-channel-opacity\"\/>\n\n\n\n<h3 class=\"wp-block-heading\"><strong>Article 11 &#8211; Contactez-nous<\/strong><\/h3>\n\n\n\n<div style=\"height:25px\" aria-hidden=\"true\" class=\"wp-block-spacer\"><\/div>\n\n\n\n<p>Pour toute question, information sur les produits pr\u00e9sent\u00e9s sur le site, ou concernant le site lui-m\u00eame, vous pouvez laisser un message \u00e0 l&#8217;adresse suivante\u00a0: <a href=\"mailto:commandes@zilten.com\" target=\"_blank\" rel=\"noreferrer noopener\">commandes@zilten.com<\/a>.<br><br><br>Pour plus d&#8217;informations sur les questions \u00e9thiques, cliquez <a href=\"https:\/\/www.cetih.eu\/wp-content\/uploads\/2025\/10\/Politique-anti-corruption-groupe-CETIH-Partenaires.pdf\" data-type=\"link\" data-id=\"https:\/\/www.cetih.eu\/wp-content\/uploads\/2025\/10\/Politique-anti-corruption-groupe-CETIH-Partenaires.pdf\" target=\"_blank\" rel=\"noreferrer noopener nofollow\">ici<\/a><\/p>\n","protected":false},"excerpt":{"rendered":"<p>La poursuite de la navigation sur ce site vaut acceptation sans r\u00e9serve des dispositions et conditions d&#8217;utilisation qui suivent. La version actuellement en ligne de ces conditions d&#8217;utilisation est la seule opposable pendant toute la dur\u00e9e d&#8217;utilisation du site et jusqu&#8217;\u00e0 ce qu&#8217;une nouvelle version la remplace. Article 1 &#8211; Informations l\u00e9gales 1.1. Site (ci-apr\u00e8s [&hellip;]<\/p>\n","protected":false},"author":14,"featured_media":0,"parent":0,"menu_order":0,"comment_status":"closed","ping_status":"closed","template":"","meta":{"_acf_changed":false,"footnotes":""},"class_list":["post-610","page","type-page","status-publish","hentry"],"acf":[],"_links":{"self":[{"href":"https:\/\/www.ziltenpro.com\/cms\/wp-json\/wp\/v2\/pages\/610","targetHints":{"allow":["GET"]}}],"collection":[{"href":"https:\/\/www.ziltenpro.com\/cms\/wp-json\/wp\/v2\/pages"}],"about":[{"href":"https:\/\/www.ziltenpro.com\/cms\/wp-json\/wp\/v2\/types\/page"}],"author":[{"embeddable":true,"href":"https:\/\/www.ziltenpro.com\/cms\/wp-json\/wp\/v2\/users\/14"}],"replies":[{"embeddable":true,"href":"https:\/\/www.ziltenpro.com\/cms\/wp-json\/wp\/v2\/comments?post=610"}],"version-history":[{"count":8,"href":"https:\/\/www.ziltenpro.com\/cms\/wp-json\/wp\/v2\/pages\/610\/revisions"}],"predecessor-version":[{"id":3749,"href":"https:\/\/www.ziltenpro.com\/cms\/wp-json\/wp\/v2\/pages\/610\/revisions\/3749"}],"wp:attachment":[{"href":"https:\/\/www.ziltenpro.com\/cms\/wp-json\/wp\/v2\/media?parent=610"}],"curies":[{"name":"wp","href":"https:\/\/api.w.org\/{rel}","templated":true}]}}