{"id":608,"date":"2023-02-28T11:35:03","date_gmt":"2023-02-28T10:35:03","guid":{"rendered":"https:\/\/www.ziltenpro.com\/cms\/?page_id=608"},"modified":"2023-09-11T09:50:49","modified_gmt":"2023-09-11T07:50:49","slug":"faq","status":"publish","type":"page","link":"https:\/\/www.ziltenpro.com\/cms\/faq\/","title":{"rendered":"FAQ"},"content":{"rendered":"\n<div class=\"wp-block-group\"><div class=\"wp-block-group__inner-container is-layout-flow wp-block-group-is-layout-flow\"><\/div><\/div>\n\n\n\n<h2 class=\"wp-block-heading\">Que puis-je consulter et faire dans la rubrique &#8220;Mes commandes&#8221; ?<\/h2>\n\n\n\n<p>Vous pouvez suivre vos commandes  en cours (actuellement avec un historique de 2 ans)<\/p>\n\n\n\n<figure class=\"wp-block-image size-large\"><img loading=\"lazy\" decoding=\"async\" width=\"1024\" height=\"619\" src=\"https:\/\/www.belmpro.fr\/wp-content\/uploads\/sites\/4\/2023\/09\/Commande-1024x619.png\" alt=\"\" class=\"wp-image-1760\" srcset=\"https:\/\/www.belmpro.fr\/wp-content\/uploads\/sites\/4\/2023\/09\/Commande-1024x619.png 1024w, https:\/\/www.belmpro.fr\/wp-content\/uploads\/sites\/4\/2023\/09\/Commande-300x181.png 300w, https:\/\/www.belmpro.fr\/wp-content\/uploads\/sites\/4\/2023\/09\/Commande-768x464.png 768w, https:\/\/www.belmpro.fr\/wp-content\/uploads\/sites\/4\/2023\/09\/Commande-600x363.png 600w, https:\/\/www.belmpro.fr\/wp-content\/uploads\/sites\/4\/2023\/09\/Commande.png 1217w\" sizes=\"auto, (max-width: 1024px) 100vw, 1024px\" \/><figcaption>Ecran Mes commandes <\/figcaption><\/figure>\n\n\n\n<p><strong>Possibilit\u00e9 de filtrer et rechercher <\/strong><\/p>\n\n\n\n<div class=\"wp-block-columns is-layout-flex wp-container-core-columns-is-layout-9d6595d7 wp-block-columns-is-layout-flex\">\n<div class=\"wp-block-column is-layout-flow wp-block-column-is-layout-flow\">\n<figure class=\"wp-block-image size-full\"><img loading=\"lazy\" decoding=\"async\" width=\"258\" height=\"286\" src=\"https:\/\/www.belmpro.fr\/wp-content\/uploads\/sites\/4\/2023\/09\/filtre.png\" alt=\"\" class=\"wp-image-1759\"\/><\/figure>\n<\/div>\n\n\n\n<div class=\"wp-block-column is-layout-flow wp-block-column-is-layout-flow\">\n<ul class=\"wp-block-list\"><li>Filtrer par statut <\/li><li>Rechercher par Num\u00e9ro de commande : Format Z00000000<\/li><li>Rechercher par Contremarque \/ nom de votre client  <\/li><\/ul>\n<\/div>\n<\/div>\n\n\n\n<p><strong>Vous pouvez modifier le nombre de commande affich\u00e9 par page<\/strong><\/p>\n\n\n\n<figure class=\"wp-block-image size-full\"><img decoding=\"async\" src=\"https:\/\/www.belmpro.fr\/wp-content\/uploads\/sites\/6\/2023\/06\/Nombre-par-page.png\" alt=\"\" class=\"wp-image-1674\"\/><\/figure>\n\n\n\n<p><strong>Chaque commande est compos\u00e9e d&#8217;une ent\u00eate de commande et de ligne(s) de commande \u00e0 d\u00e9ploye<\/strong>r. <strong>Vous pourrez \u00e9galement t\u00e9l\u00e9charger votre ARC<\/strong> <strong>et poser une question sur votre commande au bout de l&#8217;ent\u00eate de commande en cliquant sur le pictogramme<\/strong><\/p>\n\n\n\n<figure class=\"wp-block-image size-full\"><img loading=\"lazy\" decoding=\"async\" width=\"821\" height=\"233\" src=\"https:\/\/www.belmpro.fr\/wp-content\/uploads\/sites\/4\/2023\/09\/ARC-SAV.png\" alt=\"\" class=\"wp-image-1752\" srcset=\"https:\/\/www.belmpro.fr\/wp-content\/uploads\/sites\/4\/2023\/09\/ARC-SAV.png 821w, https:\/\/www.belmpro.fr\/wp-content\/uploads\/sites\/4\/2023\/09\/ARC-SAV-300x85.png 300w, https:\/\/www.belmpro.fr\/wp-content\/uploads\/sites\/4\/2023\/09\/ARC-SAV-768x218.png 768w, https:\/\/www.belmpro.fr\/wp-content\/uploads\/sites\/4\/2023\/09\/ARC-SAV-600x170.png 600w\" sizes=\"auto, (max-width: 821px) 100vw, 821px\" \/><figcaption>Commande avec une ligne et un ARC t\u00e9l\u00e9chargeable<\/figcaption><\/figure>\n\n\n\n<p><strong>D\u00e9clarer un SAV en cliquant sur le bouton SAV en bout de ligne afin de s\u00e9lectionner le produit concern\u00e9<\/strong> <\/p>\n\n\n\n<p>(Facilite votre d\u00e9claration en pr\u00e9remplissant les champs du produits et de la commande)<\/p>\n\n\n\n<figure class=\"wp-block-image size-full\"><img loading=\"lazy\" decoding=\"async\" width=\"821\" height=\"233\" src=\"https:\/\/www.belmpro.fr\/wp-content\/uploads\/sites\/4\/2023\/09\/ARC-SAV.png\" alt=\"\" class=\"wp-image-1752\" srcset=\"https:\/\/www.belmpro.fr\/wp-content\/uploads\/sites\/4\/2023\/09\/ARC-SAV.png 821w, https:\/\/www.belmpro.fr\/wp-content\/uploads\/sites\/4\/2023\/09\/ARC-SAV-300x85.png 300w, https:\/\/www.belmpro.fr\/wp-content\/uploads\/sites\/4\/2023\/09\/ARC-SAV-768x218.png 768w, https:\/\/www.belmpro.fr\/wp-content\/uploads\/sites\/4\/2023\/09\/ARC-SAV-600x170.png 600w\" sizes=\"auto, (max-width: 821px) 100vw, 821px\" \/><\/figure>\n\n\n\n<div style=\"height:25px\" aria-hidden=\"true\" class=\"wp-block-spacer\"><\/div>\n\n\n\n<hr class=\"wp-block-separator has-alpha-channel-opacity is-style-default\"\/>\n\n\n\n<div style=\"height:25px\" aria-hidden=\"true\" class=\"wp-block-spacer\"><\/div>\n\n\n\n<h2 class=\"wp-block-heading\">Que puis-je consulter et faire dans la rubrique &#8220;Mes devis&#8221; ?<\/h2>\n\n\n\n<p>Je peux trouver les informations concernant mes devis demand\u00e9s \u00e0 Zilten dans un tableau similaire au commande.<\/p>\n\n\n\n<p>Je peux trouver une page d\u00e9di\u00e9 aux chiffrages : pr\u00e9sence de Zilten dans mon outil de chiffrage ou faire une demande de devis complexe directement au service concern\u00e9.<\/p>\n\n\n\n<div style=\"height:25px\" aria-hidden=\"true\" class=\"wp-block-spacer\"><\/div>\n\n\n\n<hr class=\"wp-block-separator has-alpha-channel-opacity\"\/>\n\n\n\n<div style=\"height:25px\" aria-hidden=\"true\" class=\"wp-block-spacer\"><\/div>\n\n\n\n<h2 class=\"wp-block-heading\">Que puis-je consulter et faire dans la rubrique &#8220;Nos d\u00e9lais de livraison&#8221; ?<\/h2>\n\n\n\n<p>Consulter le PDF des d\u00e9lai Maj r\u00e9guli\u00e8rement (au moins une fois par semaine)<\/p>\n\n\n\n<p>Je peux imprimer et t\u00e9l\u00e9charger le pdf, je dispose \u00e9galement d&#8217;une fonction pour l&#8217;envoyer en pi\u00e8ces jointe \u00e0 un contact par email.<\/p>\n\n\n\n<figure class=\"wp-block-image size-large\"><img loading=\"lazy\" decoding=\"async\" width=\"1024\" height=\"498\" src=\"https:\/\/www.belmpro.fr\/wp-content\/uploads\/sites\/4\/2023\/09\/Delai-1024x498.png\" alt=\"\" class=\"wp-image-1758\" srcset=\"https:\/\/www.belmpro.fr\/wp-content\/uploads\/sites\/4\/2023\/09\/Delai-1024x498.png 1024w, https:\/\/www.belmpro.fr\/wp-content\/uploads\/sites\/4\/2023\/09\/Delai-300x146.png 300w, https:\/\/www.belmpro.fr\/wp-content\/uploads\/sites\/4\/2023\/09\/Delai-768x374.png 768w, https:\/\/www.belmpro.fr\/wp-content\/uploads\/sites\/4\/2023\/09\/Delai-600x292.png 600w, https:\/\/www.belmpro.fr\/wp-content\/uploads\/sites\/4\/2023\/09\/Delai.png 1268w\" sizes=\"auto, (max-width: 1024px) 100vw, 1024px\" \/><\/figure>\n\n\n\n<div style=\"height:25px\" aria-hidden=\"true\" class=\"wp-block-spacer\"><\/div>\n\n\n\n<hr class=\"wp-block-separator has-alpha-channel-opacity\"\/>\n\n\n\n<div style=\"height:25px\" aria-hidden=\"true\" class=\"wp-block-spacer\"><\/div>\n\n\n\n<h2 class=\"wp-block-heading\">Que puis je consulter et faire dans les rubriques &#8220;Documentation&#8221; et &#8220;M\u00e9diath\u00e8que&#8221; ?<\/h2>\n\n\n\n<p>Vous pouvez consulter et t\u00e9l\u00e9charger les documents ou m\u00e9dia mis \u00e0 votre disposition. <\/p>\n\n\n\n<p>Vous pouvez rechercher par mots clef.<\/p>\n\n\n\n<p>Vous pouvez filtrer \u00e0 l&#8217;aide des diff\u00e9rentes listes d\u00e9roulantes.<\/p>\n\n\n\n<p>Les r\u00e9sultats s&#8217;affichent en dessous, en fonction des \u00e9l\u00e9ments de recherche et de filtre : une liste de r\u00e9sultat apparait, il suffit de descendre afin de charger l&#8217;ensemble des r\u00e9sultats.<\/p>\n\n\n\n<p>En cas d&#8217;absence de document : un formulaire de demande est \u00e0 votre disposition.<\/p>\n\n\n\n<figure class=\"wp-block-image size-large\"><img loading=\"lazy\" decoding=\"async\" width=\"1024\" height=\"490\" src=\"https:\/\/www.belmpro.fr\/wp-content\/uploads\/sites\/4\/2023\/09\/Documentation-1024x490.png\" alt=\"\" class=\"wp-image-1753\" srcset=\"https:\/\/www.belmpro.fr\/wp-content\/uploads\/sites\/4\/2023\/09\/Documentation-1024x490.png 1024w, https:\/\/www.belmpro.fr\/wp-content\/uploads\/sites\/4\/2023\/09\/Documentation-300x144.png 300w, https:\/\/www.belmpro.fr\/wp-content\/uploads\/sites\/4\/2023\/09\/Documentation-768x367.png 768w, https:\/\/www.belmpro.fr\/wp-content\/uploads\/sites\/4\/2023\/09\/Documentation-600x287.png 600w, https:\/\/www.belmpro.fr\/wp-content\/uploads\/sites\/4\/2023\/09\/Documentation.png 1271w\" sizes=\"auto, (max-width: 1024px) 100vw, 1024px\" \/><\/figure>\n\n\n\n<div style=\"height:25px\" aria-hidden=\"true\" class=\"wp-block-spacer\"><\/div>\n\n\n\n<hr class=\"wp-block-separator has-alpha-channel-opacity\"\/>\n\n\n\n<div style=\"height:25px\" aria-hidden=\"true\" class=\"wp-block-spacer\"><\/div>\n\n\n\n<h2 class=\"wp-block-heading\">Que puis-je voir et faire dans la rubrique &#8220;OAV&#8221; &#8211; Outils d&#8217;Aide \u00e0 la Vente ?<\/h2>\n\n\n\n<figure class=\"wp-block-image size-large\"><img loading=\"lazy\" decoding=\"async\" width=\"1024\" height=\"498\" src=\"https:\/\/www.belmpro.fr\/wp-content\/uploads\/sites\/4\/2023\/09\/OAV-1024x498.png\" alt=\"\" class=\"wp-image-1757\" srcset=\"https:\/\/www.belmpro.fr\/wp-content\/uploads\/sites\/4\/2023\/09\/OAV-1024x498.png 1024w, https:\/\/www.belmpro.fr\/wp-content\/uploads\/sites\/4\/2023\/09\/OAV-300x146.png 300w, https:\/\/www.belmpro.fr\/wp-content\/uploads\/sites\/4\/2023\/09\/OAV-768x374.png 768w, https:\/\/www.belmpro.fr\/wp-content\/uploads\/sites\/4\/2023\/09\/OAV-600x292.png 600w, https:\/\/www.belmpro.fr\/wp-content\/uploads\/sites\/4\/2023\/09\/OAV.png 1268w\" sizes=\"auto, (max-width: 1024px) 100vw, 1024px\" \/><\/figure>\n\n\n\n<figure class=\"wp-block-image size-full\"><img loading=\"lazy\" decoding=\"async\" width=\"373\" height=\"243\" src=\"https:\/\/www.belmpro.fr\/wp-content\/uploads\/sites\/4\/2023\/09\/panier.png\" alt=\"\" class=\"wp-image-1756\" srcset=\"https:\/\/www.belmpro.fr\/wp-content\/uploads\/sites\/4\/2023\/09\/panier.png 373w, https:\/\/www.belmpro.fr\/wp-content\/uploads\/sites\/4\/2023\/09\/panier-300x195.png 300w\" sizes=\"auto, (max-width: 373px) 100vw, 373px\" \/><\/figure>\n\n\n\n<figure class=\"wp-block-image size-large\"><img loading=\"lazy\" decoding=\"async\" width=\"1024\" height=\"447\" src=\"https:\/\/www.belmpro.fr\/wp-content\/uploads\/sites\/4\/2023\/09\/Validation-de-commande-1024x447.png\" alt=\"\" class=\"wp-image-1755\" srcset=\"https:\/\/www.belmpro.fr\/wp-content\/uploads\/sites\/4\/2023\/09\/Validation-de-commande-1024x447.png 1024w, https:\/\/www.belmpro.fr\/wp-content\/uploads\/sites\/4\/2023\/09\/Validation-de-commande-300x131.png 300w, https:\/\/www.belmpro.fr\/wp-content\/uploads\/sites\/4\/2023\/09\/Validation-de-commande-768x335.png 768w, https:\/\/www.belmpro.fr\/wp-content\/uploads\/sites\/4\/2023\/09\/Validation-de-commande-600x262.png 600w, https:\/\/www.belmpro.fr\/wp-content\/uploads\/sites\/4\/2023\/09\/Validation-de-commande.png 1271w\" sizes=\"auto, (max-width: 1024px) 100vw, 1024px\" \/><\/figure>\n\n\n\n<div style=\"height:25px\" aria-hidden=\"true\" class=\"wp-block-spacer\"><\/div>\n\n\n\n<hr class=\"wp-block-separator has-alpha-channel-opacity\"\/>\n\n\n\n<div style=\"height:25px\" aria-hidden=\"true\" class=\"wp-block-spacer\"><\/div>\n\n\n\n<h2 class=\"wp-block-heading\">Qui puis-je voir et faire dans la rubrique &#8220;SAV&#8221; ?<\/h2>\n\n\n\n<figure class=\"wp-block-image size-large\"><img loading=\"lazy\" decoding=\"async\" width=\"1024\" height=\"459\" src=\"https:\/\/www.belmpro.fr\/wp-content\/uploads\/sites\/4\/2023\/09\/SAV-1024x459.png\" alt=\"\" class=\"wp-image-1754\" srcset=\"https:\/\/www.belmpro.fr\/wp-content\/uploads\/sites\/4\/2023\/09\/SAV-1024x459.png 1024w, https:\/\/www.belmpro.fr\/wp-content\/uploads\/sites\/4\/2023\/09\/SAV-300x135.png 300w, https:\/\/www.belmpro.fr\/wp-content\/uploads\/sites\/4\/2023\/09\/SAV-768x344.png 768w, https:\/\/www.belmpro.fr\/wp-content\/uploads\/sites\/4\/2023\/09\/SAV-600x269.png 600w, https:\/\/www.belmpro.fr\/wp-content\/uploads\/sites\/4\/2023\/09\/SAV.png 1271w\" sizes=\"auto, (max-width: 1024px) 100vw, 1024px\" \/><\/figure>\n\n\n\n<div style=\"height:25px\" aria-hidden=\"true\" class=\"wp-block-spacer\"><\/div>\n\n\n\n<hr class=\"wp-block-separator has-alpha-channel-opacity\"\/>\n\n\n\n<div style=\"height:25px\" aria-hidden=\"true\" class=\"wp-block-spacer\"><\/div>\n\n\n\n<h2 class=\"wp-block-heading\">Que puis-je voir et faire dans la rubrique &#8220;Portes en stock&#8221; ?<\/h2>\n\n\n\n<div style=\"height:25px\" aria-hidden=\"true\" class=\"wp-block-spacer\"><\/div>\n\n\n\n<p>Zilten choisit de vous proposer \u00e0 la vente des portes d\u2019entr\u00e9e d\u00e9j\u00e0 utilis\u00e9es pour des salons,&nbsp;des prises de vue, ou des essais. Reconditionn\u00e9es, elles pr\u00e9sentent un \u00e9tat tout \u00e0 fait acceptable, comprenant parfois des petites rayures ou l\u00e9gers chocs, mais qui ne remettent pas en cause la qualit\u00e9 du produit, et qui justifient d\u2019un tarif&nbsp;sp\u00e9cifique avec un d\u00e9lai d\u2019exp\u00e9dition raccourci.<\/p>\n\n\n\n<p>Dans cette rubrique, vous pouvez donc consulter et faire une demande de r\u00e9servation pour l&#8217;un des mod\u00e8les qui est pr\u00e9sent\u00e9 dans la rubrique.<\/p>\n\n\n\n<div class=\"wp-block-buttons is-layout-flex wp-block-buttons-is-layout-flex\"><\/div>\n\n\n\n<div class=\"wp-block-buttons is-layout-flex wp-block-buttons-is-layout-flex\"><\/div>\n\n\n\n<div class=\"wp-block-buttons is-layout-flex wp-block-buttons-is-layout-flex\"><\/div>\n\n\n\n<div class=\"wp-block-buttons is-layout-flex wp-block-buttons-is-layout-flex\"><\/div>\n","protected":false},"excerpt":{"rendered":"<p>Que puis-je consulter et faire dans la rubrique &#8220;Mes commandes&#8221; ? Vous pouvez suivre vos commandes en cours (actuellement avec un historique de 2 ans) Possibilit\u00e9 de filtrer et rechercher Filtrer par statut Rechercher par Num\u00e9ro de commande : Format Z00000000 Rechercher par Contremarque \/ nom de votre client Vous pouvez modifier le nombre de [&hellip;]<\/p>\n","protected":false},"author":14,"featured_media":0,"parent":0,"menu_order":0,"comment_status":"closed","ping_status":"closed","template":"","meta":{"_acf_changed":false,"footnotes":""},"class_list":["post-608","page","type-page","status-publish","hentry"],"acf":[],"_links":{"self":[{"href":"https:\/\/www.ziltenpro.com\/cms\/wp-json\/wp\/v2\/pages\/608","targetHints":{"allow":["GET"]}}],"collection":[{"href":"https:\/\/www.ziltenpro.com\/cms\/wp-json\/wp\/v2\/pages"}],"about":[{"href":"https:\/\/www.ziltenpro.com\/cms\/wp-json\/wp\/v2\/types\/page"}],"author":[{"embeddable":true,"href":"https:\/\/www.ziltenpro.com\/cms\/wp-json\/wp\/v2\/users\/14"}],"replies":[{"embeddable":true,"href":"https:\/\/www.ziltenpro.com\/cms\/wp-json\/wp\/v2\/comments?post=608"}],"version-history":[{"count":9,"href":"https:\/\/www.ziltenpro.com\/cms\/wp-json\/wp\/v2\/pages\/608\/revisions"}],"predecessor-version":[{"id":1863,"href":"https:\/\/www.ziltenpro.com\/cms\/wp-json\/wp\/v2\/pages\/608\/revisions\/1863"}],"wp:attachment":[{"href":"https:\/\/www.ziltenpro.com\/cms\/wp-json\/wp\/v2\/media?parent=608"}],"curies":[{"name":"wp","href":"https:\/\/api.w.org\/{rel}","templated":true}]}}